{"id":27631,"date":"2024-12-12T21:23:03","date_gmt":"2024-12-12T21:23:03","guid":{"rendered":"https:\/\/mediumslateblue-walrus-789226.hostingersite.com\/services\/floor-and-wall-coverings\/"},"modified":"2025-10-25T15:43:02","modified_gmt":"2025-10-25T15:43:02","slug":"funktionsprufung","status":"publish","type":"page","link":"https:\/\/rohrreinigung-sparmann.de\/en_us\/services\/funktionsprufung\/","title":{"rendered":"Funktionspr\u00fcfung"},"content":{"rendered":"<div data-elementor-type=\"wp-page\" data-elementor-id=\"27631\" class=\"elementor elementor-27631\">\n\t\t\t\t<div class=\"elementor-element elementor-element-311b913 sticky-section e-flex e-con-boxed e-con e-parent\" data-id=\"311b913\" data-element_type=\"container\">\n\t\t\t\t\t<div class=\"e-con-inner\">\n\t\t<div class=\"elementor-element elementor-element-a78d235 e-con-full animated-fast e-flex elementor-invisible e-con e-child\" data-id=\"a78d235\" data-element_type=\"container\" data-settings=\"{&quot;background_background&quot;:&quot;classic&quot;,&quot;animation&quot;:&quot;fadeInUp&quot;,&quot;animation_delay&quot;:100}\">\n\t\t\t\t<div class=\"elementor-element elementor-element-5f2e1f9 elementor-widget elementor-widget-image\" data-id=\"5f2e1f9\" data-element_type=\"widget\" data-settings=\"{&quot;ekit_we_effect_on&quot;:&quot;none&quot;}\" data-widget_type=\"image.default\">\n\t\t\t\t<div class=\"elementor-widget-container\">\n\t\t\t\t\t\t\t\t\t\t\t\t\t\t\t<img decoding=\"async\" src=\"https:\/\/www.woehler.de\/fileadmin\/user_upload\/woehler\/_de\/content\/wissen\/wissensplattform\/anwendungsbilder\/messen\/Dichtheitspruefung-an-Abwasserleitungen-M603.jpg\" title=\"\" alt=\"\" loading=\"lazy\" \/>\t\t\t\t\t\t\t\t\t\t\t\t\t\t\t<\/div>\n\t\t\t\t<\/div>\n\t\t\t\t<\/div>\n\t\t<div class=\"elementor-element elementor-element-4cffe16 e-con-full e-flex e-con e-child\" data-id=\"4cffe16\" data-element_type=\"container\">\n\t\t\t\t<div class=\"elementor-element elementor-element-38c34c5 animated-fast elementor-invisible elementor-widget elementor-widget-elementskit-heading\" data-id=\"38c34c5\" data-element_type=\"widget\" data-settings=\"{&quot;_animation&quot;:&quot;fadeIn&quot;,&quot;ekit_we_effect_on&quot;:&quot;css&quot;,&quot;_animation_delay&quot;:100}\" data-widget_type=\"elementskit-heading.default\">\n\t\t\t\t<div class=\"elementor-widget-container\">\n\t\t\t\t\t<div class=\"ekit-wid-con\" ><div class=\"ekit-heading elementskit-section-title-wraper text_left   ekit_heading_tablet-   ekit_heading_mobile-text_left\"><h6 class=\"elementskit-section-subtitle   ekit-heading__subtitle-has-border\">\n\t\t\t\t\t\tFunktionspr\u00fcfung\n\t\t\t\t\t<\/h6><h2 class=\"ekit-heading--title elementskit-section-title\">Funktionspr\u00fcfung \u2013 Kontrolle der Rohrfreiheit und Dichtheit<\/h2>\t\t\t\t<div class='ekit-heading__description'>\n\t\t\t\t\t<p><strong>Einleitung:<\/strong><br \/>Nach der Reinigung ist die Kontrolle entscheidend: Wir pr\u00fcfen, ob das Wasser wieder ungehindert flie\u00dft und die Verbindungen dicht sind.<\/p>\n<p><strong>Leistungsbeschreibung:<\/strong><br \/>Unsere Funktionspr\u00fcfung erfolgt durch gezielte Durchflusskontrollen mit Wasser. Bei Bedarf f\u00fchren wir zus\u00e4tzlich eine Dichtheitspr\u00fcfung durch, um sicherzustellen, dass keine Undichtigkeiten bestehen.<br \/>So wissen Sie genau, dass Ihre Leitungen wieder voll funktionsf\u00e4hig sind.<\/p>\n<p>Vorteil f\u00fcr Sie:<\/p>\n\t\t\t\t<\/div>\n\t\t\t<\/div><\/div>\t\t\t\t<\/div>\n\t\t\t\t<\/div>\n\t\t<div class=\"elementor-element elementor-element-a53e2fa e-con-full e-flex e-con e-child\" data-id=\"a53e2fa\" data-element_type=\"container\">\n\t\t\t\t<div class=\"elementor-element elementor-element-6467a3f keydesign-h6 animated-fast elementor-invisible elementor-widget elementor-widget-elementskit-stylish-list\" data-id=\"6467a3f\" data-element_type=\"widget\" data-settings=\"{&quot;_animation&quot;:&quot;fadeIn&quot;,&quot;_animation_delay&quot;:300,&quot;ekit_we_effect_on&quot;:&quot;none&quot;}\" data-widget_type=\"elementskit-stylish-list.default\">\n\t\t\t\t<div class=\"elementor-widget-container\">\n\t\t\t\t\t<div class=\"ekit-wid-con\">\t\t<ul class=\"ekit-stylish-list\" >\n\t\t\t\t\t\t\t<li class=\"ekit-stylish-list-content-wrapper elementor-repeater-item-9176c3a\" >\n\t\t\t\t\t\t\t\t\t\t<div class=\"ekit-stylish-list-content\">\n\t\t\t\t\t\t\t\t\t\t\t\t\t\t\t\t\t\t\t<div class=\"ekit-stylish-list-content-icon\">\t\t\t\n\t\t\t\t\t\t\t\t<i aria-hidden=\"true\" class=\"icon icon-check\"><\/i>\t\t\t\n\t\t\t\t\t\t\t<\/div>\n\t\t\t\t\t\t\t\t\t\t\t\t\t\t\t\t\t\t<div class=\"ekit-stylish-list-content-text\">\n\t\t\t\t\t\t\t<span class=\"ekit-stylish-list-content-title\">Sicherheit und Transparenz nach der Rohrreinigung<\/span>\n\t\t\t\t\t\t\t\t\t\t\t\t\t<\/div>\n\t\t\t\t\t\t\t\t\t\t\t<\/div>\n\t\t\t\t\t\n\t\t\t\t<\/li>\n\t\t\t\t\t\t\t\t\t\t\t<li class=\"ekit-stylish-list-content-wrapper elementor-repeater-item-aa8aca8\" >\n\t\t\t\t\t\t\t\t\t\t<div class=\"ekit-stylish-list-content\">\n\t\t\t\t\t\t\t\t\t\t\t\t\t\t\t\t\t\t\t<div class=\"ekit-stylish-list-content-icon\">\t\t\t\n\t\t\t\t\t\t\t\t<i aria-hidden=\"true\" class=\"icon icon-check\"><\/i>\t\t\t\n\t\t\t\t\t\t\t<\/div>\n\t\t\t\t\t\t\t\t\t\t\t\t\t\t\t\t\t\t<div class=\"ekit-stylish-list-content-text\">\n\t\t\t\t\t\t\t<span class=\"ekit-stylish-list-content-title\">Fr\u00fcherkennung m\u00f6glicher Sch\u00e4den<\/span>\n\t\t\t\t\t\t\t\t\t\t\t\t\t<\/div>\n\t\t\t\t\t\t\t\t\t\t\t<\/div>\n\t\t\t\t\t\n\t\t\t\t<\/li>\n\t\t\t\t\t\t\t\t\t\t\t<li class=\"ekit-stylish-list-content-wrapper elementor-repeater-item-b4e5723\" >\n\t\t\t\t\t\t\t\t\t\t<div class=\"ekit-stylish-list-content\">\n\t\t\t\t\t\t\t\t\t\t\t\t\t\t\t\t\t\t\t<div class=\"ekit-stylish-list-content-icon\">\t\t\t\n\t\t\t\t\t\t\t\t<i aria-hidden=\"true\" class=\"icon icon-check\"><\/i>\t\t\t\n\t\t\t\t\t\t\t<\/div>\n\t\t\t\t\t\t\t\t\t\t\t\t\t\t\t\t\t\t<div class=\"ekit-stylish-list-content-text\">\n\t\t\t\t\t\t\t<span class=\"ekit-stylish-list-content-title\">Dokumentierte Qualit\u00e4tskontrolle<\/span>\n\t\t\t\t\t\t\t\t\t\t\t\t\t<\/div>\n\t\t\t\t\t\t\t\t\t\t\t<\/div>\n\t\t\t\t\t\n\t\t\t\t<\/li>\n\t\t\t\t\t\t\t\t\t<\/ul>\n\t<\/div>\t\t\t\t<\/div>\n\t\t\t\t<\/div>\n\t\t\t\t<\/div>\n\t\t\t\t<\/div>\n\t\t\t\t\t<\/div>\n\t\t\t\t<\/div>\n\t\t<div class=\"elementor-element elementor-element-d798721 e-flex e-con-boxed e-con e-parent\" data-id=\"d798721\" data-element_type=\"container\" data-settings=\"{&quot;background_background&quot;:&quot;classic&quot;}\">\n\t\t\t\t\t<div class=\"e-con-inner\">\n\t\t<div class=\"elementor-element elementor-element-348858d e-con-full e-flex e-con e-child\" data-id=\"348858d\" data-element_type=\"container\" data-settings=\"{&quot;background_background&quot;:&quot;classic&quot;}\">\n\t\t<div class=\"elementor-element elementor-element-699df13 e-con-full e-flex e-con e-child\" data-id=\"699df13\" data-element_type=\"container\">\n\t\t\t\t<div class=\"elementor-element elementor-element-08339b8 animated-fast elementor-invisible elementor-widget elementor-widget-elementskit-heading\" data-id=\"08339b8\" data-element_type=\"widget\" data-settings=\"{&quot;_animation&quot;:&quot;fadeIn&quot;,&quot;_animation_delay&quot;:100,&quot;ekit_we_effect_on&quot;:&quot;css&quot;}\" data-widget_type=\"elementskit-heading.default\">\n\t\t\t\t<div class=\"elementor-widget-container\">\n\t\t\t\t\t<div class=\"ekit-wid-con\" ><div class=\"ekit-heading elementskit-section-title-wraper text_center   ekit_heading_tablet-   ekit_heading_mobile-text_left\"><h6 class=\"elementskit-section-subtitle   ekit-heading__subtitle-has-border\">\n\t\t\t\t\t\tVereinfachen Sie Ihre Reparaturen\n\t\t\t\t\t<\/h6><h2 class=\"ekit-heading--title elementskit-section-title\">Planen Sie Ihre gro\u00dfen Projekte in <span><span>All Simplicity<\/span><\/span><\/h2>\t\t\t\t<div class='ekit-heading__description'>\n\t\t\t\t\t<p>Sie k\u00f6nnen Ihre Angebote einfach anfordern, indem Sie uns kontaktieren, und unser Team wird Ihnen genaue Sch\u00e4tzungen zur Verf\u00fcgung stellen, die auf Ihre Bed\u00fcrfnisse zugeschnitten sind.<\/p>\n\t\t\t\t<\/div>\n\t\t\t<\/div><\/div>\t\t\t\t<\/div>\n\t\t\t\t<\/div>\n\t\t<div class=\"elementor-element elementor-element-014d1bf e-flex e-con-boxed e-con e-child\" data-id=\"014d1bf\" data-element_type=\"container\">\n\t\t\t\t\t<div class=\"e-con-inner\">\n\t\t\t\t<div class=\"elementor-element elementor-element-2efae92 elementor-align-left animated-fast elementor-invisible elementor-widget elementor-widget-elementskit-button\" data-id=\"2efae92\" data-element_type=\"widget\" data-settings=\"{&quot;_animation&quot;:&quot;pulse&quot;,&quot;_animation_delay&quot;:200,&quot;ekit_we_effect_on&quot;:&quot;none&quot;}\" data-widget_type=\"elementskit-button.default\">\n\t\t\t\t<div class=\"elementor-widget-container\">\n\t\t\t\t\t<div class=\"ekit-wid-con\" >\t\t<div class=\"ekit-btn-wraper\">\n\t\t\t\t\t\t\t<a href=\"https:\/\/rohrreinigung-sparmann.de\/en_us\/kontakt\/\" class=\"elementskit-btn  whitespace--normal\" id=\"\">\n\t\t\t\t\tDFordern Sie ein Angebot anemander un devis<i class=\"icon icon-right-arrow\"><\/i>\t\t\t\t<\/a>\n\t\t\t\t\t<\/div>\n        <\/div>\t\t\t\t<\/div>\n\t\t\t\t<\/div>\n\t\t\t\t<div class=\"elementor-element elementor-element-2f0d4c1 elementor-align-left animated-fast elementor-invisible elementor-widget elementor-widget-elementskit-button\" data-id=\"2f0d4c1\" data-element_type=\"widget\" data-settings=\"{&quot;_animation&quot;:&quot;pulse&quot;,&quot;_animation_delay&quot;:200,&quot;ekit_we_effect_on&quot;:&quot;none&quot;}\" data-widget_type=\"elementskit-button.default\">\n\t\t\t\t<div class=\"elementor-widget-container\">\n\t\t\t\t\t<div class=\"ekit-wid-con\" >\t\t<div class=\"ekit-btn-wraper\">\n\t\t\t\t\t\t\t<a href=\"tel:491632388009\" class=\"elementskit-btn  whitespace--normal\" id=\"\">\n\t\t\t\t\tKeine Sorge, wir stellen es schnell ein Und rufen uns an<i class=\"fas fa-phone-alt\"><\/i>\t\t\t\t<\/a>\n\t\t\t\t\t<\/div>\n        <\/div>\t\t\t\t<\/div>\n\t\t\t\t<\/div>\n\t\t\t\t\t<\/div>\n\t\t\t\t<\/div>\n\t\t\t\t<\/div>\n\t\t\t\t<\/div>\n\t\t\t\t\t<\/div>\n\t\t\t\t<\/div>\n\t\t\t\t<\/div>","protected":false},"excerpt":{"rendered":"<p>Funktionspr\u00fcfung Funktionspr\u00fcfung \u2013 Kontrolle der Rohrfreiheit und Dichtheit Einleitung:Nach der Reinigung ist die Kontrolle entscheidend: Wir pr\u00fcfen, ob das Wasser wieder ungehindert flie\u00dft und die Verbindungen dicht sind. Leistungsbeschreibung:Unsere Funktionspr\u00fcfung erfolgt durch gezielte Durchflusskontrollen mit Wasser. Bei Bedarf f\u00fchren wir zus\u00e4tzlich eine Dichtheitspr\u00fcfung durch, um sicherzustellen, dass keine Undichtigkeiten bestehen.So wissen Sie genau, dass Ihre [&hellip;]<\/p>","protected":false},"author":6,"featured_media":0,"parent":26333,"menu_order":3,"comment_status":"closed","ping_status":"closed","template":"","meta":{"footnotes":""},"class_list":["post-27631","page","type-page","status-publish","hentry"],"yoast_head":"<!-- This site is optimized with the Yoast SEO plugin v26.2 - https:\/\/yoast.com\/wordpress\/plugins\/seo\/ -->\n<title>Funktionspr\u00fcfung - Rohrreinigung Sparmann<\/title>\n<meta name=\"robots\" content=\"index, follow, max-snippet:-1, max-image-preview:large, max-video-preview:-1\" \/>\n<link rel=\"canonical\" href=\"https:\/\/lightsteelblue-sparrow-753775.hostingersite.com\/services\/funktionsprufung\/\" \/>\n<meta property=\"og:locale\" content=\"en_US\" \/>\n<meta property=\"og:type\" content=\"article\" \/>\n<meta property=\"og:title\" content=\"Funktionspr\u00fcfung - Rohrreinigung Sparmann\" \/>\n<meta property=\"og:description\" content=\"Funktionspr\u00fcfung Funktionspr\u00fcfung \u2013 Kontrolle der Rohrfreiheit und Dichtheit Einleitung:Nach der Reinigung ist die Kontrolle entscheidend: Wir pr\u00fcfen, ob das Wasser wieder ungehindert flie\u00dft und die Verbindungen dicht sind. Leistungsbeschreibung:Unsere Funktionspr\u00fcfung erfolgt durch gezielte Durchflusskontrollen mit Wasser. Bei Bedarf f\u00fchren wir zus\u00e4tzlich eine Dichtheitspr\u00fcfung durch, um sicherzustellen, dass keine Undichtigkeiten bestehen.So wissen Sie genau, dass Ihre [&hellip;]\" \/>\n<meta property=\"og:url\" content=\"https:\/\/lightsteelblue-sparrow-753775.hostingersite.com\/services\/funktionsprufung\/\" \/>\n<meta property=\"og:site_name\" content=\"Rohrreinigung Sparmann\" \/>\n<meta property=\"article:modified_time\" content=\"2025-10-25T15:43:02+00:00\" \/>\n<meta property=\"og:image\" content=\"https:\/\/www.woehler.de\/fileadmin\/user_upload\/woehler\/_de\/content\/wissen\/wissensplattform\/anwendungsbilder\/messen\/Dichtheitspruefung-an-Abwasserleitungen-M603.jpg\" \/>\n<meta name=\"twitter:card\" content=\"summary_large_image\" \/>\n<meta name=\"twitter:label1\" content=\"Est. reading time\" \/>\n\t<meta name=\"twitter:data1\" content=\"1 minute\" \/>\n<script type=\"application\/ld+json\" class=\"yoast-schema-graph\">{\"@context\":\"https:\/\/schema.org\",\"@graph\":[{\"@type\":\"WebPage\",\"@id\":\"https:\/\/lightsteelblue-sparrow-753775.hostingersite.com\/services\/funktionsprufung\/\",\"url\":\"https:\/\/lightsteelblue-sparrow-753775.hostingersite.com\/services\/funktionsprufung\/\",\"name\":\"Funktionspr\u00fcfung - Rohrreinigung Sparmann\",\"isPartOf\":{\"@id\":\"https:\/\/rohrreinigung-sparmann.de\/#website\"},\"primaryImageOfPage\":{\"@id\":\"https:\/\/lightsteelblue-sparrow-753775.hostingersite.com\/services\/funktionsprufung\/#primaryimage\"},\"image\":{\"@id\":\"https:\/\/lightsteelblue-sparrow-753775.hostingersite.com\/services\/funktionsprufung\/#primaryimage\"},\"thumbnailUrl\":\"https:\/\/www.woehler.de\/fileadmin\/user_upload\/woehler\/_de\/content\/wissen\/wissensplattform\/anwendungsbilder\/messen\/Dichtheitspruefung-an-Abwasserleitungen-M603.jpg\",\"datePublished\":\"2024-12-12T21:23:03+00:00\",\"dateModified\":\"2025-10-25T15:43:02+00:00\",\"breadcrumb\":{\"@id\":\"https:\/\/lightsteelblue-sparrow-753775.hostingersite.com\/services\/funktionsprufung\/#breadcrumb\"},\"inLanguage\":\"en-US\",\"potentialAction\":[{\"@type\":\"ReadAction\",\"target\":[\"https:\/\/lightsteelblue-sparrow-753775.hostingersite.com\/services\/funktionsprufung\/\"]}]},{\"@type\":\"ImageObject\",\"inLanguage\":\"en-US\",\"@id\":\"https:\/\/lightsteelblue-sparrow-753775.hostingersite.com\/services\/funktionsprufung\/#primaryimage\",\"url\":\"https:\/\/www.woehler.de\/fileadmin\/user_upload\/woehler\/_de\/content\/wissen\/wissensplattform\/anwendungsbilder\/messen\/Dichtheitspruefung-an-Abwasserleitungen-M603.jpg\",\"contentUrl\":\"https:\/\/www.woehler.de\/fileadmin\/user_upload\/woehler\/_de\/content\/wissen\/wissensplattform\/anwendungsbilder\/messen\/Dichtheitspruefung-an-Abwasserleitungen-M603.jpg\"},{\"@type\":\"BreadcrumbList\",\"@id\":\"https:\/\/lightsteelblue-sparrow-753775.hostingersite.com\/services\/funktionsprufung\/#breadcrumb\",\"itemListElement\":[{\"@type\":\"ListItem\",\"position\":1,\"name\":\"Home\",\"item\":\"https:\/\/lightsteelblue-sparrow-753775.hostingersite.com\/\"},{\"@type\":\"ListItem\",\"position\":2,\"name\":\"Services\",\"item\":\"https:\/\/lightsteelblue-sparrow-753775.hostingersite.com\/services\/\"},{\"@type\":\"ListItem\",\"position\":3,\"name\":\"Funktionspr\u00fcfung\"}]},{\"@type\":\"WebSite\",\"@id\":\"https:\/\/rohrreinigung-sparmann.de\/#website\",\"url\":\"https:\/\/rohrreinigung-sparmann.de\/\",\"name\":\"Rohrreinigung Sparmann\",\"description\":\"Echte Fachleute, auf die Sie sich verlassen k\u00f6nnen.  Unser Team aus erfahrenen Installateuren wird regelm\u00e4\u00dfig in den neuesten Techniken geschult. Wir verbinden traditionelles Handwerk mit moderner Ausr\u00fcstung, um jedes Problem schnell, sicher und nachhaltig zu l\u00f6sen.\",\"publisher\":{\"@id\":\"https:\/\/rohrreinigung-sparmann.de\/#organization\"},\"potentialAction\":[{\"@type\":\"SearchAction\",\"target\":{\"@type\":\"EntryPoint\",\"urlTemplate\":\"https:\/\/rohrreinigung-sparmann.de\/?s={search_term_string}\"},\"query-input\":{\"@type\":\"PropertyValueSpecification\",\"valueRequired\":true,\"valueName\":\"search_term_string\"}}],\"inLanguage\":\"en-US\"},{\"@type\":\"Organization\",\"@id\":\"https:\/\/rohrreinigung-sparmann.de\/#organization\",\"name\":\"Rohrreinigung Sparmann\",\"url\":\"https:\/\/rohrreinigung-sparmann.de\/\",\"logo\":{\"@type\":\"ImageObject\",\"inLanguage\":\"en-US\",\"@id\":\"https:\/\/rohrreinigung-sparmann.de\/#\/schema\/logo\/image\/\",\"url\":\"https:\/\/rohrreinigung-sparmann.de\/wp-content\/uploads\/2024\/06\/Rohrreinigung-S-LOGO-1-01-1.jpg\",\"contentUrl\":\"https:\/\/rohrreinigung-sparmann.de\/wp-content\/uploads\/2024\/06\/Rohrreinigung-S-LOGO-1-01-1.jpg\",\"width\":2135,\"height\":776,\"caption\":\"Rohrreinigung Sparmann\"},\"image\":{\"@id\":\"https:\/\/rohrreinigung-sparmann.de\/#\/schema\/logo\/image\/\"}}]}<\/script>\n<!-- \/ Yoast SEO plugin. -->","yoast_head_json":{"title":"Funktionspr\u00fcfung - Rohrreinigung Sparmann","robots":{"index":"index","follow":"follow","max-snippet":"max-snippet:-1","max-image-preview":"max-image-preview:large","max-video-preview":"max-video-preview:-1"},"canonical":"https:\/\/lightsteelblue-sparrow-753775.hostingersite.com\/services\/funktionsprufung\/","og_locale":"en_US","og_type":"article","og_title":"Funktionspr\u00fcfung - Rohrreinigung Sparmann","og_description":"Funktionspr\u00fcfung Funktionspr\u00fcfung \u2013 Kontrolle der Rohrfreiheit und Dichtheit Einleitung:Nach der Reinigung ist die Kontrolle entscheidend: Wir pr\u00fcfen, ob das Wasser wieder ungehindert flie\u00dft und die Verbindungen dicht sind. Leistungsbeschreibung:Unsere Funktionspr\u00fcfung erfolgt durch gezielte Durchflusskontrollen mit Wasser. Bei Bedarf f\u00fchren wir zus\u00e4tzlich eine Dichtheitspr\u00fcfung durch, um sicherzustellen, dass keine Undichtigkeiten bestehen.So wissen Sie genau, dass Ihre [&hellip;]","og_url":"https:\/\/lightsteelblue-sparrow-753775.hostingersite.com\/services\/funktionsprufung\/","og_site_name":"Rohrreinigung Sparmann","article_modified_time":"2025-10-25T15:43:02+00:00","og_image":[{"url":"https:\/\/www.woehler.de\/fileadmin\/user_upload\/woehler\/_de\/content\/wissen\/wissensplattform\/anwendungsbilder\/messen\/Dichtheitspruefung-an-Abwasserleitungen-M603.jpg","type":"","width":"","height":""}],"twitter_card":"summary_large_image","twitter_misc":{"Est. reading time":"1 minute"},"schema":{"@context":"https:\/\/schema.org","@graph":[{"@type":"WebPage","@id":"https:\/\/lightsteelblue-sparrow-753775.hostingersite.com\/services\/funktionsprufung\/","url":"https:\/\/lightsteelblue-sparrow-753775.hostingersite.com\/services\/funktionsprufung\/","name":"Funktionspr\u00fcfung - Rohrreinigung Sparmann","isPartOf":{"@id":"https:\/\/rohrreinigung-sparmann.de\/#website"},"primaryImageOfPage":{"@id":"https:\/\/lightsteelblue-sparrow-753775.hostingersite.com\/services\/funktionsprufung\/#primaryimage"},"image":{"@id":"https:\/\/lightsteelblue-sparrow-753775.hostingersite.com\/services\/funktionsprufung\/#primaryimage"},"thumbnailUrl":"https:\/\/www.woehler.de\/fileadmin\/user_upload\/woehler\/_de\/content\/wissen\/wissensplattform\/anwendungsbilder\/messen\/Dichtheitspruefung-an-Abwasserleitungen-M603.jpg","datePublished":"2024-12-12T21:23:03+00:00","dateModified":"2025-10-25T15:43:02+00:00","breadcrumb":{"@id":"https:\/\/lightsteelblue-sparrow-753775.hostingersite.com\/services\/funktionsprufung\/#breadcrumb"},"inLanguage":"en-US","potentialAction":[{"@type":"ReadAction","target":["https:\/\/lightsteelblue-sparrow-753775.hostingersite.com\/services\/funktionsprufung\/"]}]},{"@type":"ImageObject","inLanguage":"en-US","@id":"https:\/\/lightsteelblue-sparrow-753775.hostingersite.com\/services\/funktionsprufung\/#primaryimage","url":"https:\/\/www.woehler.de\/fileadmin\/user_upload\/woehler\/_de\/content\/wissen\/wissensplattform\/anwendungsbilder\/messen\/Dichtheitspruefung-an-Abwasserleitungen-M603.jpg","contentUrl":"https:\/\/www.woehler.de\/fileadmin\/user_upload\/woehler\/_de\/content\/wissen\/wissensplattform\/anwendungsbilder\/messen\/Dichtheitspruefung-an-Abwasserleitungen-M603.jpg"},{"@type":"BreadcrumbList","@id":"https:\/\/lightsteelblue-sparrow-753775.hostingersite.com\/services\/funktionsprufung\/#breadcrumb","itemListElement":[{"@type":"ListItem","position":1,"name":"Home","item":"https:\/\/lightsteelblue-sparrow-753775.hostingersite.com\/"},{"@type":"ListItem","position":2,"name":"Services","item":"https:\/\/lightsteelblue-sparrow-753775.hostingersite.com\/services\/"},{"@type":"ListItem","position":3,"name":"Funktionspr\u00fcfung"}]},{"@type":"WebSite","@id":"https:\/\/rohrreinigung-sparmann.de\/#website","url":"https:\/\/rohrreinigung-sparmann.de\/","name":"Rohrreinigung Sparmann","description":"Echte Fachleute, auf die Sie sich verlassen k\u00f6nnen.  Unser Team aus erfahrenen Installateuren wird regelm\u00e4\u00dfig in den neuesten Techniken geschult. Wir verbinden traditionelles Handwerk mit moderner Ausr\u00fcstung, um jedes Problem schnell, sicher und nachhaltig zu l\u00f6sen.","publisher":{"@id":"https:\/\/rohrreinigung-sparmann.de\/#organization"},"potentialAction":[{"@type":"SearchAction","target":{"@type":"EntryPoint","urlTemplate":"https:\/\/rohrreinigung-sparmann.de\/?s={search_term_string}"},"query-input":{"@type":"PropertyValueSpecification","valueRequired":true,"valueName":"search_term_string"}}],"inLanguage":"en-US"},{"@type":"Organization","@id":"https:\/\/rohrreinigung-sparmann.de\/#organization","name":"Rohrreinigung Sparmann","url":"https:\/\/rohrreinigung-sparmann.de\/","logo":{"@type":"ImageObject","inLanguage":"en-US","@id":"https:\/\/rohrreinigung-sparmann.de\/#\/schema\/logo\/image\/","url":"https:\/\/rohrreinigung-sparmann.de\/wp-content\/uploads\/2024\/06\/Rohrreinigung-S-LOGO-1-01-1.jpg","contentUrl":"https:\/\/rohrreinigung-sparmann.de\/wp-content\/uploads\/2024\/06\/Rohrreinigung-S-LOGO-1-01-1.jpg","width":2135,"height":776,"caption":"Rohrreinigung Sparmann"},"image":{"@id":"https:\/\/rohrreinigung-sparmann.de\/#\/schema\/logo\/image\/"}}]}},"_hostinger_reach_plugin_has_subscription_block":false,"_hostinger_reach_plugin_is_elementor":false,"_links":{"self":[{"href":"https:\/\/rohrreinigung-sparmann.de\/en_us\/wp-json\/wp\/v2\/pages\/27631","targetHints":{"allow":["GET"]}}],"collection":[{"href":"https:\/\/rohrreinigung-sparmann.de\/en_us\/wp-json\/wp\/v2\/pages"}],"about":[{"href":"https:\/\/rohrreinigung-sparmann.de\/en_us\/wp-json\/wp\/v2\/types\/page"}],"author":[{"embeddable":true,"href":"https:\/\/rohrreinigung-sparmann.de\/en_us\/wp-json\/wp\/v2\/users\/6"}],"replies":[{"embeddable":true,"href":"https:\/\/rohrreinigung-sparmann.de\/en_us\/wp-json\/wp\/v2\/comments?post=27631"}],"version-history":[{"count":34,"href":"https:\/\/rohrreinigung-sparmann.de\/en_us\/wp-json\/wp\/v2\/pages\/27631\/revisions"}],"predecessor-version":[{"id":28317,"href":"https:\/\/rohrreinigung-sparmann.de\/en_us\/wp-json\/wp\/v2\/pages\/27631\/revisions\/28317"}],"up":[{"embeddable":true,"href":"https:\/\/rohrreinigung-sparmann.de\/en_us\/wp-json\/wp\/v2\/pages\/26333"}],"wp:attachment":[{"href":"https:\/\/rohrreinigung-sparmann.de\/en_us\/wp-json\/wp\/v2\/media?parent=27631"}],"curies":[{"name":"wp","href":"https:\/\/api.w.org\/{rel}","templated":true}]}}