{"id":27639,"date":"2024-12-12T21:23:03","date_gmt":"2024-12-12T21:23:03","guid":{"rendered":"https:\/\/mediumslateblue-walrus-789226.hostingersite.com\/services\/gardening\/"},"modified":"2025-10-25T15:50:35","modified_gmt":"2025-10-25T15:50:35","slug":"entsorgung-und-reinigung","status":"publish","type":"page","link":"https:\/\/rohrreinigung-sparmann.de\/en_us\/services\/entsorgung-und-reinigung\/","title":{"rendered":"Entsorgung und Reinigung"},"content":{"rendered":"<div data-elementor-type=\"wp-page\" data-elementor-id=\"27639\" class=\"elementor elementor-27639\">\n\t\t\t\t<div class=\"elementor-element elementor-element-cd98348 e-flex e-con-boxed e-con e-child\" data-id=\"cd98348\" data-element_type=\"container\">\n\t\t\t\t\t<div class=\"e-con-inner\">\n\t\t<div class=\"elementor-element elementor-element-f9aea98 sticky-section e-con-full e-flex e-con e-child\" data-id=\"f9aea98\" data-element_type=\"container\">\n\t\t<div class=\"elementor-element elementor-element-01e9c26 e-con-full animated-fast e-flex elementor-invisible e-con e-child\" data-id=\"01e9c26\" data-element_type=\"container\" data-settings=\"{&quot;background_background&quot;:&quot;classic&quot;,&quot;animation&quot;:&quot;fadeInUp&quot;,&quot;animation_delay&quot;:100}\">\n\t\t\t\t<div class=\"elementor-element elementor-element-03d8a7f elementor-widget elementor-widget-image\" data-id=\"03d8a7f\" data-element_type=\"widget\" data-settings=\"{&quot;ekit_we_effect_on&quot;:&quot;none&quot;}\" data-widget_type=\"image.default\">\n\t\t\t\t<div class=\"elementor-widget-container\">\n\t\t\t\t\t\t\t\t\t\t\t\t\t\t\t<img fetchpriority=\"high\" decoding=\"async\" width=\"759\" height=\"512\" src=\"https:\/\/rohrreinigung-sparmann.de\/wp-content\/uploads\/2025\/01\/filters-formatjpeg-quality90.jpg\" class=\"attachment-full size-full wp-image-27794\" alt=\"\" srcset=\"https:\/\/rohrreinigung-sparmann.de\/wp-content\/uploads\/2025\/01\/filters-formatjpeg-quality90.jpg 759w, https:\/\/rohrreinigung-sparmann.de\/wp-content\/uploads\/2025\/01\/filters-formatjpeg-quality90-300x202.jpg 300w, https:\/\/rohrreinigung-sparmann.de\/wp-content\/uploads\/2025\/01\/filters-formatjpeg-quality90-18x12.jpg 18w, https:\/\/rohrreinigung-sparmann.de\/wp-content\/uploads\/2025\/01\/filters-formatjpeg-quality90-710x479.jpg 710w\" sizes=\"(max-width: 759px) 100vw, 759px\" \/>\t\t\t\t\t\t\t\t\t\t\t\t\t\t\t<\/div>\n\t\t\t\t<\/div>\n\t\t\t\t<\/div>\n\t\t<div class=\"elementor-element elementor-element-1904243 e-con-full e-flex e-con e-child\" data-id=\"1904243\" data-element_type=\"container\">\n\t\t\t\t<div class=\"elementor-element elementor-element-650950f animated-fast elementor-invisible elementor-widget elementor-widget-elementskit-heading\" data-id=\"650950f\" data-element_type=\"widget\" data-settings=\"{&quot;_animation&quot;:&quot;fadeIn&quot;,&quot;ekit_we_effect_on&quot;:&quot;css&quot;,&quot;_animation_delay&quot;:100}\" data-widget_type=\"elementskit-heading.default\">\n\t\t\t\t<div class=\"elementor-widget-container\">\n\t\t\t\t\t<div class=\"ekit-wid-con\" ><div class=\"ekit-heading elementskit-section-title-wraper text_left   ekit_heading_tablet-   ekit_heading_mobile-text_left\"><h6 class=\"elementskit-section-subtitle   ekit-heading__subtitle-has-border\">\n\t\t\t\t\t\tEntsorgung und Reinigung\n\t\t\t\t\t<\/h6><h2 class=\"ekit-heading--title elementskit-section-title\">Entsorgung und Reinigung nach der Rohrreinigung<\/h2>\t\t\t\t<div class='ekit-heading__description'>\n\t\t\t\t\t<p><strong>Einleitung:<\/strong><br \/>Sauberkeit geh\u00f6rt f\u00fcr uns zum Service. Nach der Rohrreinigung k\u00fcmmern wir uns auch um die fachgerechte Entsorgung und hygienische Reinigung der Arbeitsstelle.<\/p>\n<p><strong>Leistungsbeschreibung:<\/strong><br \/>Wir nehmen s\u00e4mtlichen herausgesp\u00fclten Schmutz, Fett und Abfall auf und entsorgen ihn vorschriftsm\u00e4\u00dfig. Anschlie\u00dfend wird die Einsatzstelle \u2013 egal ob Badezimmer, K\u00fcche, Keller oder Au\u00dfenbereich \u2013 gr\u00fcndlich gereinigt.<br \/>Bei WC-Verstopfungen f\u00fchren wir zus\u00e4tzlich eine hygienische Nachbehandlung mit Desinfektionsmitteln durch.<\/p>\n<p><strong>Vorteil f\u00fcr Sie:<\/strong><\/p>\n\t\t\t\t<\/div>\n\t\t\t<\/div><\/div>\t\t\t\t<\/div>\n\t\t\t\t<\/div>\n\t\t<div class=\"elementor-element elementor-element-063cff5 e-con-full e-flex e-con e-child\" data-id=\"063cff5\" data-element_type=\"container\">\n\t\t\t\t<div class=\"elementor-element elementor-element-ff14bdb keydesign-h6 animated-fast elementor-invisible elementor-widget elementor-widget-elementskit-stylish-list\" data-id=\"ff14bdb\" data-element_type=\"widget\" data-settings=\"{&quot;_animation&quot;:&quot;fadeIn&quot;,&quot;_animation_delay&quot;:300,&quot;ekit_we_effect_on&quot;:&quot;none&quot;}\" data-widget_type=\"elementskit-stylish-list.default\">\n\t\t\t\t<div class=\"elementor-widget-container\">\n\t\t\t\t\t<div class=\"ekit-wid-con\">\t\t<ul class=\"ekit-stylish-list\" >\n\t\t\t\t\t\t\t<li class=\"ekit-stylish-list-content-wrapper elementor-repeater-item-9176c3a\" >\n\t\t\t\t\t\t\t\t\t\t<div class=\"ekit-stylish-list-content\">\n\t\t\t\t\t\t\t\t\t\t\t\t\t\t\t\t\t\t\t<div class=\"ekit-stylish-list-content-icon\">\t\t\t\n\t\t\t\t\t\t\t\t<i aria-hidden=\"true\" class=\"icon icon-check\"><\/i>\t\t\t\n\t\t\t\t\t\t\t<\/div>\n\t\t\t\t\t\t\t\t\t\t\t\t\t\t\t\t\t\t<div class=\"ekit-stylish-list-content-text\">\n\t\t\t\t\t\t\t<span class=\"ekit-stylish-list-content-title\">Kein Schmutz oder R\u00fcckst\u00e4nde nach der Arbeit<\/span>\n\t\t\t\t\t\t\t\t\t\t\t\t\t<\/div>\n\t\t\t\t\t\t\t\t\t\t\t<\/div>\n\t\t\t\t\t\n\t\t\t\t<\/li>\n\t\t\t\t\t\t\t\t\t\t\t<li class=\"ekit-stylish-list-content-wrapper elementor-repeater-item-aa8aca8\" >\n\t\t\t\t\t\t\t\t\t\t<div class=\"ekit-stylish-list-content\">\n\t\t\t\t\t\t\t\t\t\t\t\t\t\t\t\t\t\t\t<div class=\"ekit-stylish-list-content-icon\">\t\t\t\n\t\t\t\t\t\t\t\t<i aria-hidden=\"true\" class=\"icon icon-check\"><\/i>\t\t\t\n\t\t\t\t\t\t\t<\/div>\n\t\t\t\t\t\t\t\t\t\t\t\t\t\t\t\t\t\t<div class=\"ekit-stylish-list-content-text\">\n\t\t\t\t\t\t\t<span class=\"ekit-stylish-list-content-title\">Hygienische Nachbehandlung bei Sanit\u00e4rbereichen<\/span>\n\t\t\t\t\t\t\t\t\t\t\t\t\t<\/div>\n\t\t\t\t\t\t\t\t\t\t\t<\/div>\n\t\t\t\t\t\n\t\t\t\t<\/li>\n\t\t\t\t\t\t\t\t\t\t\t<li class=\"ekit-stylish-list-content-wrapper elementor-repeater-item-b4e5723\" >\n\t\t\t\t\t\t\t\t\t\t<div class=\"ekit-stylish-list-content\">\n\t\t\t\t\t\t\t\t\t\t\t\t\t\t\t\t\t\t\t<div class=\"ekit-stylish-list-content-icon\">\t\t\t\n\t\t\t\t\t\t\t\t<i aria-hidden=\"true\" class=\"icon icon-check\"><\/i>\t\t\t\n\t\t\t\t\t\t\t<\/div>\n\t\t\t\t\t\t\t\t\t\t\t\t\t\t\t\t\t\t<div class=\"ekit-stylish-list-content-text\">\n\t\t\t\t\t\t\t<span class=\"ekit-stylish-list-content-title\">Rundum-Service von Anfang bis Ende<\/span>\n\t\t\t\t\t\t\t\t\t\t\t\t\t<\/div>\n\t\t\t\t\t\t\t\t\t\t\t<\/div>\n\t\t\t\t\t\n\t\t\t\t<\/li>\n\t\t\t\t\t\t\t\t\t<\/ul>\n\t<\/div>\t\t\t\t<\/div>\n\t\t\t\t<\/div>\n\t\t\t\t<\/div>\n\t\t\t\t<\/div>\n\t\t\t\t<\/div>\n\t\t\t\t\t<\/div>\n\t\t\t\t<\/div>\n\t\t<div class=\"elementor-element elementor-element-b8fdbef e-flex e-con-boxed e-con e-parent\" data-id=\"b8fdbef\" data-element_type=\"container\" data-settings=\"{&quot;background_background&quot;:&quot;classic&quot;}\">\n\t\t\t\t\t<div class=\"e-con-inner\">\n\t\t<div class=\"elementor-element elementor-element-dd5f24a e-con-full e-flex e-con e-child\" data-id=\"dd5f24a\" data-element_type=\"container\" data-settings=\"{&quot;background_background&quot;:&quot;classic&quot;}\">\n\t\t<div class=\"elementor-element elementor-element-a2feb9c e-con-full e-flex e-con e-child\" data-id=\"a2feb9c\" data-element_type=\"container\">\n\t\t\t\t<div class=\"elementor-element elementor-element-2f8e525 animated-fast elementor-invisible elementor-widget elementor-widget-elementskit-heading\" data-id=\"2f8e525\" data-element_type=\"widget\" data-settings=\"{&quot;_animation&quot;:&quot;fadeIn&quot;,&quot;_animation_delay&quot;:100,&quot;ekit_we_effect_on&quot;:&quot;css&quot;}\" data-widget_type=\"elementskit-heading.default\">\n\t\t\t\t<div class=\"elementor-widget-container\">\n\t\t\t\t\t<div class=\"ekit-wid-con\" ><div class=\"ekit-heading elementskit-section-title-wraper text_center   ekit_heading_tablet-   ekit_heading_mobile-text_left\"><h6 class=\"elementskit-section-subtitle   ekit-heading__subtitle-has-border\">\n\t\t\t\t\t\tVereinfachen Sie Ihre Reparaturen\n\t\t\t\t\t<\/h6><h2 class=\"ekit-heading--title elementskit-section-title\">Planen Sie Ihre gro\u00dfen Projekte in <span><span>All Simplicity<\/span><\/span><\/h2>\t\t\t\t<div class='ekit-heading__description'>\n\t\t\t\t\t<p>Sie k\u00f6nnen Ihre Angebote einfach anfordern, indem Sie uns kontaktieren, und unser Team wird Ihnen genaue Sch\u00e4tzungen zur Verf\u00fcgung stellen, die auf Ihre Bed\u00fcrfnisse zugeschnitten sind.<\/p>\n\t\t\t\t<\/div>\n\t\t\t<\/div><\/div>\t\t\t\t<\/div>\n\t\t\t\t<\/div>\n\t\t<div class=\"elementor-element elementor-element-64953c5 e-flex e-con-boxed e-con e-child\" data-id=\"64953c5\" data-element_type=\"container\">\n\t\t\t\t\t<div class=\"e-con-inner\">\n\t\t\t\t<div class=\"elementor-element elementor-element-de5d7e7 elementor-align-left animated-fast elementor-invisible elementor-widget elementor-widget-elementskit-button\" data-id=\"de5d7e7\" data-element_type=\"widget\" data-settings=\"{&quot;_animation&quot;:&quot;pulse&quot;,&quot;_animation_delay&quot;:200,&quot;ekit_we_effect_on&quot;:&quot;none&quot;}\" data-widget_type=\"elementskit-button.default\">\n\t\t\t\t<div class=\"elementor-widget-container\">\n\t\t\t\t\t<div class=\"ekit-wid-con\" >\t\t<div class=\"ekit-btn-wraper\">\n\t\t\t\t\t\t\t<a href=\"https:\/\/rohrreinigung-sparmann.de\/en_us\/kontakt\/\" class=\"elementskit-btn  whitespace--normal\" id=\"\">\n\t\t\t\t\tDFordern Sie ein Angebot anemander un devis<i class=\"icon icon-right-arrow\"><\/i>\t\t\t\t<\/a>\n\t\t\t\t\t<\/div>\n        <\/div>\t\t\t\t<\/div>\n\t\t\t\t<\/div>\n\t\t\t\t<div class=\"elementor-element elementor-element-10c4c5c elementor-align-left animated-fast elementor-invisible elementor-widget elementor-widget-elementskit-button\" data-id=\"10c4c5c\" data-element_type=\"widget\" data-settings=\"{&quot;_animation&quot;:&quot;pulse&quot;,&quot;_animation_delay&quot;:200,&quot;ekit_we_effect_on&quot;:&quot;none&quot;}\" data-widget_type=\"elementskit-button.default\">\n\t\t\t\t<div class=\"elementor-widget-container\">\n\t\t\t\t\t<div class=\"ekit-wid-con\" >\t\t<div class=\"ekit-btn-wraper\">\n\t\t\t\t\t\t\t<a href=\"tel:491632388009\" class=\"elementskit-btn  whitespace--normal\" id=\"\">\n\t\t\t\t\tKeine Sorge, wir stellen es schnell ein Und rufen uns an<i class=\"fas fa-phone-alt\"><\/i>\t\t\t\t<\/a>\n\t\t\t\t\t<\/div>\n        <\/div>\t\t\t\t<\/div>\n\t\t\t\t<\/div>\n\t\t\t\t\t<\/div>\n\t\t\t\t<\/div>\n\t\t\t\t<\/div>\n\t\t\t\t<\/div>\n\t\t\t\t\t<\/div>\n\t\t\t\t<\/div>\n\t\t\t\t<\/div>","protected":false},"excerpt":{"rendered":"<p>Entsorgung und Reinigung Entsorgung und Reinigung nach der Rohrreinigung Einleitung:Sauberkeit geh\u00f6rt f\u00fcr uns zum Service. Nach der Rohrreinigung k\u00fcmmern wir uns auch um die fachgerechte Entsorgung und hygienische Reinigung der Arbeitsstelle. Leistungsbeschreibung:Wir nehmen s\u00e4mtlichen herausgesp\u00fclten Schmutz, Fett und Abfall auf und entsorgen ihn vorschriftsm\u00e4\u00dfig. Anschlie\u00dfend wird die Einsatzstelle \u2013 egal ob Badezimmer, K\u00fcche, Keller oder [&hellip;]<\/p>","protected":false},"author":6,"featured_media":0,"parent":26333,"menu_order":11,"comment_status":"closed","ping_status":"closed","template":"","meta":{"footnotes":""},"class_list":["post-27639","page","type-page","status-publish","hentry"],"yoast_head":"<!-- This site is optimized with the Yoast SEO plugin v26.2 - https:\/\/yoast.com\/wordpress\/plugins\/seo\/ -->\n<title>Entsorgung und Reinigung - Rohrreinigung Sparmann<\/title>\n<meta name=\"robots\" content=\"index, follow, max-snippet:-1, max-image-preview:large, max-video-preview:-1\" \/>\n<link rel=\"canonical\" href=\"https:\/\/lightsteelblue-sparrow-753775.hostingersite.com\/services\/entsorgung-und-reinigung\/\" \/>\n<meta property=\"og:locale\" content=\"en_US\" \/>\n<meta property=\"og:type\" content=\"article\" \/>\n<meta property=\"og:title\" content=\"Entsorgung und Reinigung - Rohrreinigung Sparmann\" \/>\n<meta property=\"og:description\" content=\"Entsorgung und Reinigung Entsorgung und Reinigung nach der Rohrreinigung Einleitung:Sauberkeit geh\u00f6rt f\u00fcr uns zum Service. Nach der Rohrreinigung k\u00fcmmern wir uns auch um die fachgerechte Entsorgung und hygienische Reinigung der Arbeitsstelle. Leistungsbeschreibung:Wir nehmen s\u00e4mtlichen herausgesp\u00fclten Schmutz, Fett und Abfall auf und entsorgen ihn vorschriftsm\u00e4\u00dfig. Anschlie\u00dfend wird die Einsatzstelle \u2013 egal ob Badezimmer, K\u00fcche, Keller oder [&hellip;]\" \/>\n<meta property=\"og:url\" content=\"https:\/\/lightsteelblue-sparrow-753775.hostingersite.com\/services\/entsorgung-und-reinigung\/\" \/>\n<meta property=\"og:site_name\" content=\"Rohrreinigung Sparmann\" \/>\n<meta property=\"article:modified_time\" content=\"2025-10-25T15:50:35+00:00\" \/>\n<meta property=\"og:image\" content=\"https:\/\/rohrreinigung-sparmann.de\/wp-content\/uploads\/2025\/01\/filters-formatjpeg-quality90.jpg\" \/>\n<meta name=\"twitter:card\" content=\"summary_large_image\" \/>\n<meta name=\"twitter:label1\" content=\"Est. reading time\" \/>\n\t<meta name=\"twitter:data1\" content=\"1 minute\" \/>\n<script type=\"application\/ld+json\" class=\"yoast-schema-graph\">{\"@context\":\"https:\/\/schema.org\",\"@graph\":[{\"@type\":\"WebPage\",\"@id\":\"https:\/\/lightsteelblue-sparrow-753775.hostingersite.com\/services\/entsorgung-und-reinigung\/\",\"url\":\"https:\/\/lightsteelblue-sparrow-753775.hostingersite.com\/services\/entsorgung-und-reinigung\/\",\"name\":\"Entsorgung und Reinigung - Rohrreinigung Sparmann\",\"isPartOf\":{\"@id\":\"https:\/\/rohrreinigung-sparmann.de\/#website\"},\"primaryImageOfPage\":{\"@id\":\"https:\/\/lightsteelblue-sparrow-753775.hostingersite.com\/services\/entsorgung-und-reinigung\/#primaryimage\"},\"image\":{\"@id\":\"https:\/\/lightsteelblue-sparrow-753775.hostingersite.com\/services\/entsorgung-und-reinigung\/#primaryimage\"},\"thumbnailUrl\":\"https:\/\/rohrreinigung-sparmann.de\/wp-content\/uploads\/2025\/01\/filters-formatjpeg-quality90.jpg\",\"datePublished\":\"2024-12-12T21:23:03+00:00\",\"dateModified\":\"2025-10-25T15:50:35+00:00\",\"breadcrumb\":{\"@id\":\"https:\/\/lightsteelblue-sparrow-753775.hostingersite.com\/services\/entsorgung-und-reinigung\/#breadcrumb\"},\"inLanguage\":\"en-US\",\"potentialAction\":[{\"@type\":\"ReadAction\",\"target\":[\"https:\/\/lightsteelblue-sparrow-753775.hostingersite.com\/services\/entsorgung-und-reinigung\/\"]}]},{\"@type\":\"ImageObject\",\"inLanguage\":\"en-US\",\"@id\":\"https:\/\/lightsteelblue-sparrow-753775.hostingersite.com\/services\/entsorgung-und-reinigung\/#primaryimage\",\"url\":\"https:\/\/rohrreinigung-sparmann.de\/wp-content\/uploads\/2025\/01\/filters-formatjpeg-quality90.jpg\",\"contentUrl\":\"https:\/\/rohrreinigung-sparmann.de\/wp-content\/uploads\/2025\/01\/filters-formatjpeg-quality90.jpg\"},{\"@type\":\"BreadcrumbList\",\"@id\":\"https:\/\/lightsteelblue-sparrow-753775.hostingersite.com\/services\/entsorgung-und-reinigung\/#breadcrumb\",\"itemListElement\":[{\"@type\":\"ListItem\",\"position\":1,\"name\":\"Home\",\"item\":\"https:\/\/lightsteelblue-sparrow-753775.hostingersite.com\/\"},{\"@type\":\"ListItem\",\"position\":2,\"name\":\"Services\",\"item\":\"https:\/\/lightsteelblue-sparrow-753775.hostingersite.com\/services\/\"},{\"@type\":\"ListItem\",\"position\":3,\"name\":\"Entsorgung und Reinigung\"}]},{\"@type\":\"WebSite\",\"@id\":\"https:\/\/rohrreinigung-sparmann.de\/#website\",\"url\":\"https:\/\/rohrreinigung-sparmann.de\/\",\"name\":\"Rohrreinigung Sparmann\",\"description\":\"Echte Fachleute, auf die Sie sich verlassen k\u00f6nnen.  Unser Team aus erfahrenen Installateuren wird regelm\u00e4\u00dfig in den neuesten Techniken geschult. Wir verbinden traditionelles Handwerk mit moderner Ausr\u00fcstung, um jedes Problem schnell, sicher und nachhaltig zu l\u00f6sen.\",\"publisher\":{\"@id\":\"https:\/\/rohrreinigung-sparmann.de\/#organization\"},\"potentialAction\":[{\"@type\":\"SearchAction\",\"target\":{\"@type\":\"EntryPoint\",\"urlTemplate\":\"https:\/\/rohrreinigung-sparmann.de\/?s={search_term_string}\"},\"query-input\":{\"@type\":\"PropertyValueSpecification\",\"valueRequired\":true,\"valueName\":\"search_term_string\"}}],\"inLanguage\":\"en-US\"},{\"@type\":\"Organization\",\"@id\":\"https:\/\/rohrreinigung-sparmann.de\/#organization\",\"name\":\"Rohrreinigung Sparmann\",\"url\":\"https:\/\/rohrreinigung-sparmann.de\/\",\"logo\":{\"@type\":\"ImageObject\",\"inLanguage\":\"en-US\",\"@id\":\"https:\/\/rohrreinigung-sparmann.de\/#\/schema\/logo\/image\/\",\"url\":\"https:\/\/rohrreinigung-sparmann.de\/wp-content\/uploads\/2024\/06\/Rohrreinigung-S-LOGO-1-01-1.jpg\",\"contentUrl\":\"https:\/\/rohrreinigung-sparmann.de\/wp-content\/uploads\/2024\/06\/Rohrreinigung-S-LOGO-1-01-1.jpg\",\"width\":2135,\"height\":776,\"caption\":\"Rohrreinigung Sparmann\"},\"image\":{\"@id\":\"https:\/\/rohrreinigung-sparmann.de\/#\/schema\/logo\/image\/\"}}]}<\/script>\n<!-- \/ Yoast SEO plugin. -->","yoast_head_json":{"title":"Entsorgung und Reinigung - Rohrreinigung Sparmann","robots":{"index":"index","follow":"follow","max-snippet":"max-snippet:-1","max-image-preview":"max-image-preview:large","max-video-preview":"max-video-preview:-1"},"canonical":"https:\/\/lightsteelblue-sparrow-753775.hostingersite.com\/services\/entsorgung-und-reinigung\/","og_locale":"en_US","og_type":"article","og_title":"Entsorgung und Reinigung - Rohrreinigung Sparmann","og_description":"Entsorgung und Reinigung Entsorgung und Reinigung nach der Rohrreinigung Einleitung:Sauberkeit geh\u00f6rt f\u00fcr uns zum Service. Nach der Rohrreinigung k\u00fcmmern wir uns auch um die fachgerechte Entsorgung und hygienische Reinigung der Arbeitsstelle. Leistungsbeschreibung:Wir nehmen s\u00e4mtlichen herausgesp\u00fclten Schmutz, Fett und Abfall auf und entsorgen ihn vorschriftsm\u00e4\u00dfig. Anschlie\u00dfend wird die Einsatzstelle \u2013 egal ob Badezimmer, K\u00fcche, Keller oder [&hellip;]","og_url":"https:\/\/lightsteelblue-sparrow-753775.hostingersite.com\/services\/entsorgung-und-reinigung\/","og_site_name":"Rohrreinigung Sparmann","article_modified_time":"2025-10-25T15:50:35+00:00","og_image":[{"url":"https:\/\/rohrreinigung-sparmann.de\/wp-content\/uploads\/2025\/01\/filters-formatjpeg-quality90.jpg","type":"","width":"","height":""}],"twitter_card":"summary_large_image","twitter_misc":{"Est. reading time":"1 minute"},"schema":{"@context":"https:\/\/schema.org","@graph":[{"@type":"WebPage","@id":"https:\/\/lightsteelblue-sparrow-753775.hostingersite.com\/services\/entsorgung-und-reinigung\/","url":"https:\/\/lightsteelblue-sparrow-753775.hostingersite.com\/services\/entsorgung-und-reinigung\/","name":"Entsorgung und Reinigung - Rohrreinigung Sparmann","isPartOf":{"@id":"https:\/\/rohrreinigung-sparmann.de\/#website"},"primaryImageOfPage":{"@id":"https:\/\/lightsteelblue-sparrow-753775.hostingersite.com\/services\/entsorgung-und-reinigung\/#primaryimage"},"image":{"@id":"https:\/\/lightsteelblue-sparrow-753775.hostingersite.com\/services\/entsorgung-und-reinigung\/#primaryimage"},"thumbnailUrl":"https:\/\/rohrreinigung-sparmann.de\/wp-content\/uploads\/2025\/01\/filters-formatjpeg-quality90.jpg","datePublished":"2024-12-12T21:23:03+00:00","dateModified":"2025-10-25T15:50:35+00:00","breadcrumb":{"@id":"https:\/\/lightsteelblue-sparrow-753775.hostingersite.com\/services\/entsorgung-und-reinigung\/#breadcrumb"},"inLanguage":"en-US","potentialAction":[{"@type":"ReadAction","target":["https:\/\/lightsteelblue-sparrow-753775.hostingersite.com\/services\/entsorgung-und-reinigung\/"]}]},{"@type":"ImageObject","inLanguage":"en-US","@id":"https:\/\/lightsteelblue-sparrow-753775.hostingersite.com\/services\/entsorgung-und-reinigung\/#primaryimage","url":"https:\/\/rohrreinigung-sparmann.de\/wp-content\/uploads\/2025\/01\/filters-formatjpeg-quality90.jpg","contentUrl":"https:\/\/rohrreinigung-sparmann.de\/wp-content\/uploads\/2025\/01\/filters-formatjpeg-quality90.jpg"},{"@type":"BreadcrumbList","@id":"https:\/\/lightsteelblue-sparrow-753775.hostingersite.com\/services\/entsorgung-und-reinigung\/#breadcrumb","itemListElement":[{"@type":"ListItem","position":1,"name":"Home","item":"https:\/\/lightsteelblue-sparrow-753775.hostingersite.com\/"},{"@type":"ListItem","position":2,"name":"Services","item":"https:\/\/lightsteelblue-sparrow-753775.hostingersite.com\/services\/"},{"@type":"ListItem","position":3,"name":"Entsorgung und Reinigung"}]},{"@type":"WebSite","@id":"https:\/\/rohrreinigung-sparmann.de\/#website","url":"https:\/\/rohrreinigung-sparmann.de\/","name":"Rohrreinigung Sparmann","description":"Echte Fachleute, auf die Sie sich verlassen k\u00f6nnen.  Unser Team aus erfahrenen Installateuren wird regelm\u00e4\u00dfig in den neuesten Techniken geschult. Wir verbinden traditionelles Handwerk mit moderner Ausr\u00fcstung, um jedes Problem schnell, sicher und nachhaltig zu l\u00f6sen.","publisher":{"@id":"https:\/\/rohrreinigung-sparmann.de\/#organization"},"potentialAction":[{"@type":"SearchAction","target":{"@type":"EntryPoint","urlTemplate":"https:\/\/rohrreinigung-sparmann.de\/?s={search_term_string}"},"query-input":{"@type":"PropertyValueSpecification","valueRequired":true,"valueName":"search_term_string"}}],"inLanguage":"en-US"},{"@type":"Organization","@id":"https:\/\/rohrreinigung-sparmann.de\/#organization","name":"Rohrreinigung Sparmann","url":"https:\/\/rohrreinigung-sparmann.de\/","logo":{"@type":"ImageObject","inLanguage":"en-US","@id":"https:\/\/rohrreinigung-sparmann.de\/#\/schema\/logo\/image\/","url":"https:\/\/rohrreinigung-sparmann.de\/wp-content\/uploads\/2024\/06\/Rohrreinigung-S-LOGO-1-01-1.jpg","contentUrl":"https:\/\/rohrreinigung-sparmann.de\/wp-content\/uploads\/2024\/06\/Rohrreinigung-S-LOGO-1-01-1.jpg","width":2135,"height":776,"caption":"Rohrreinigung Sparmann"},"image":{"@id":"https:\/\/rohrreinigung-sparmann.de\/#\/schema\/logo\/image\/"}}]}},"_hostinger_reach_plugin_has_subscription_block":false,"_hostinger_reach_plugin_is_elementor":false,"_links":{"self":[{"href":"https:\/\/rohrreinigung-sparmann.de\/en_us\/wp-json\/wp\/v2\/pages\/27639","targetHints":{"allow":["GET"]}}],"collection":[{"href":"https:\/\/rohrreinigung-sparmann.de\/en_us\/wp-json\/wp\/v2\/pages"}],"about":[{"href":"https:\/\/rohrreinigung-sparmann.de\/en_us\/wp-json\/wp\/v2\/types\/page"}],"author":[{"embeddable":true,"href":"https:\/\/rohrreinigung-sparmann.de\/en_us\/wp-json\/wp\/v2\/users\/6"}],"replies":[{"embeddable":true,"href":"https:\/\/rohrreinigung-sparmann.de\/en_us\/wp-json\/wp\/v2\/comments?post=27639"}],"version-history":[{"count":77,"href":"https:\/\/rohrreinigung-sparmann.de\/en_us\/wp-json\/wp\/v2\/pages\/27639\/revisions"}],"predecessor-version":[{"id":28332,"href":"https:\/\/rohrreinigung-sparmann.de\/en_us\/wp-json\/wp\/v2\/pages\/27639\/revisions\/28332"}],"up":[{"embeddable":true,"href":"https:\/\/rohrreinigung-sparmann.de\/en_us\/wp-json\/wp\/v2\/pages\/26333"}],"wp:attachment":[{"href":"https:\/\/rohrreinigung-sparmann.de\/en_us\/wp-json\/wp\/v2\/media?parent=27639"}],"curies":[{"name":"wp","href":"https:\/\/api.w.org\/{rel}","templated":true}]}}