{"id":27942,"date":"2025-01-21T17:17:42","date_gmt":"2025-01-21T17:17:42","guid":{"rendered":"https:\/\/mediumslateblue-walrus-789226.hostingersite.com\/?page_id=27942"},"modified":"2025-10-25T15:48:18","modified_gmt":"2025-10-25T15:48:18","slug":"ursachenanalyse-und-lokalisierung","status":"publish","type":"page","link":"https:\/\/rohrreinigung-sparmann.de\/en_us\/services\/ursachenanalyse-und-lokalisierung\/","title":{"rendered":"Ursachenanalyse und Lokalisierung"},"content":{"rendered":"<div data-elementor-type=\"wp-page\" data-elementor-id=\"27942\" class=\"elementor elementor-27942\">\n\t\t\t\t<div class=\"elementor-element elementor-element-a48d744 sticky-section e-flex e-con-boxed e-con e-parent\" data-id=\"a48d744\" data-element_type=\"container\">\n\t\t\t\t\t<div class=\"e-con-inner\">\n\t\t<div class=\"elementor-element elementor-element-7e9e5cc e-con-full animated-fast e-flex elementor-invisible e-con e-child\" data-id=\"7e9e5cc\" data-element_type=\"container\" data-settings=\"{&quot;background_background&quot;:&quot;classic&quot;,&quot;animation&quot;:&quot;fadeInUp&quot;,&quot;animation_delay&quot;:100}\">\n\t\t\t\t<div class=\"elementor-element elementor-element-a183caf elementor-widget elementor-widget-image\" data-id=\"a183caf\" data-element_type=\"widget\" data-settings=\"{&quot;ekit_we_effect_on&quot;:&quot;none&quot;}\" data-widget_type=\"image.default\">\n\t\t\t\t<div class=\"elementor-widget-container\">\n\t\t\t\t\t\t\t\t\t\t\t\t\t\t\t<img decoding=\"async\" src=\"https:\/\/cdn.prod.website-files.com\/655f8ea591e566fec977163c\/65e1d2e8f215b0861c88b1d1_Vorsorge%20Rohrbruch.jpg\" title=\"\" alt=\"\" loading=\"lazy\" \/>\t\t\t\t\t\t\t\t\t\t\t\t\t\t\t<\/div>\n\t\t\t\t<\/div>\n\t\t\t\t<\/div>\n\t\t<div class=\"elementor-element elementor-element-7ec5ff4 e-con-full e-flex e-con e-child\" data-id=\"7ec5ff4\" data-element_type=\"container\">\n\t\t\t\t<div class=\"elementor-element elementor-element-f135ae5 animated-fast elementor-invisible elementor-widget elementor-widget-elementskit-heading\" data-id=\"f135ae5\" data-element_type=\"widget\" data-settings=\"{&quot;_animation&quot;:&quot;fadeIn&quot;,&quot;ekit_we_effect_on&quot;:&quot;css&quot;,&quot;_animation_delay&quot;:100}\" data-widget_type=\"elementskit-heading.default\">\n\t\t\t\t<div class=\"elementor-widget-container\">\n\t\t\t\t\t<div class=\"ekit-wid-con\" ><div class=\"ekit-heading elementskit-section-title-wraper text_left   ekit_heading_tablet-   ekit_heading_mobile-text_left\"><h6 class=\"elementskit-section-subtitle   ekit-heading__subtitle-has-border\">\n\t\t\t\t\t\tUrsachenanalyse und Lokalisierung\n\t\t\t\t\t<\/h6><h2 class=\"ekit-heading--title elementskit-section-title\">Ursachenanalyse und Lokalisierung von Rohrverstopfungen<\/h2>\t\t\t\t<div class='ekit-heading__description'>\n\t\t\t\t\t<p><strong>Einleitung:<\/strong><br \/>Bevor eine Verstopfung behoben werden kann, muss klar sein, wo genau das Problem liegt. Unsere Ursachenanalyse sorgt daf\u00fcr, dass keine unn\u00f6tigen Arbeiten durchgef\u00fchrt werden \u2013 wir finden die Ursache gezielt und effizient.<\/p>\n<p><strong>Leistungsbeschreibung:<\/strong><br \/>Unsere Experten beginnen mit einer gr\u00fcndlichen Sichtpr\u00fcfung des betroffenen Bereichs \u2013 ob Waschbecken, Toilette, Bodenablauf oder Dusche. Anschlie\u00dfend wird die Art und Lage der Verstopfung bestimmt.<br \/>Wenn n\u00f6tig, setzen wir moderne Ortungsger\u00e4te oder Rohrkameras ein, um das Problem pr\u00e4zise zu lokalisieren. Dadurch erkennen wir fr\u00fchzeitig, ob es sich um eine Teil- oder Vollverstopfung handelt und k\u00f6nnen gezielt die passende Reinigungsmethode w\u00e4hlen.<\/p>\n<p><strong>Vorteil f\u00fcr Sie:<\/strong><\/p>\n\t\t\t\t<\/div>\n\t\t\t<\/div><\/div>\t\t\t\t<\/div>\n\t\t\t\t<\/div>\n\t\t<div class=\"elementor-element elementor-element-cbe6814 e-con-full e-flex e-con e-child\" data-id=\"cbe6814\" data-element_type=\"container\">\n\t\t\t\t<div class=\"elementor-element elementor-element-62e5299 keydesign-h6 animated-fast elementor-invisible elementor-widget elementor-widget-elementskit-stylish-list\" data-id=\"62e5299\" data-element_type=\"widget\" data-settings=\"{&quot;_animation&quot;:&quot;fadeIn&quot;,&quot;_animation_delay&quot;:300,&quot;ekit_we_effect_on&quot;:&quot;none&quot;}\" data-widget_type=\"elementskit-stylish-list.default\">\n\t\t\t\t<div class=\"elementor-widget-container\">\n\t\t\t\t\t<div class=\"ekit-wid-con\">\t\t<ul class=\"ekit-stylish-list\" >\n\t\t\t\t\t\t\t<li class=\"ekit-stylish-list-content-wrapper elementor-repeater-item-9176c3a\" >\n\t\t\t\t\t\t\t\t\t\t<div class=\"ekit-stylish-list-content\">\n\t\t\t\t\t\t\t\t\t\t\t\t\t\t\t\t\t\t\t<div class=\"ekit-stylish-list-content-icon\">\t\t\t\n\t\t\t\t\t\t\t\t<i aria-hidden=\"true\" class=\"icon icon-check\"><\/i>\t\t\t\n\t\t\t\t\t\t\t<\/div>\n\t\t\t\t\t\t\t\t\t\t\t\t\t\t\t\t\t\t<div class=\"ekit-stylish-list-content-text\">\n\t\t\t\t\t\t\t<span class=\"ekit-stylish-list-content-title\">Keine unn\u00f6tigen Kosten durch Fehlversuche<\/span>\n\t\t\t\t\t\t\t\t\t\t\t\t\t<\/div>\n\t\t\t\t\t\t\t\t\t\t\t<\/div>\n\t\t\t\t\t\n\t\t\t\t<\/li>\n\t\t\t\t\t\t\t\t\t\t\t<li class=\"ekit-stylish-list-content-wrapper elementor-repeater-item-aa8aca8\" >\n\t\t\t\t\t\t\t\t\t\t<div class=\"ekit-stylish-list-content\">\n\t\t\t\t\t\t\t\t\t\t\t\t\t\t\t\t\t\t\t<div class=\"ekit-stylish-list-content-icon\">\t\t\t\n\t\t\t\t\t\t\t\t<i aria-hidden=\"true\" class=\"icon icon-check\"><\/i>\t\t\t\n\t\t\t\t\t\t\t<\/div>\n\t\t\t\t\t\t\t\t\t\t\t\t\t\t\t\t\t\t<div class=\"ekit-stylish-list-content-text\">\n\t\t\t\t\t\t\t<span class=\"ekit-stylish-list-content-title\">Exakte Diagnose spart Zeit und Aufwand<\/span>\n\t\t\t\t\t\t\t\t\t\t\t\t\t<\/div>\n\t\t\t\t\t\t\t\t\t\t\t<\/div>\n\t\t\t\t\t\n\t\t\t\t<\/li>\n\t\t\t\t\t\t\t\t\t\t\t<li class=\"ekit-stylish-list-content-wrapper elementor-repeater-item-b4e5723\" >\n\t\t\t\t\t\t\t\t\t\t<div class=\"ekit-stylish-list-content\">\n\t\t\t\t\t\t\t\t\t\t\t\t\t\t\t\t\t\t\t<div class=\"ekit-stylish-list-content-icon\">\t\t\t\n\t\t\t\t\t\t\t\t<i aria-hidden=\"true\" class=\"icon icon-check\"><\/i>\t\t\t\n\t\t\t\t\t\t\t<\/div>\n\t\t\t\t\t\t\t\t\t\t\t\t\t\t\t\t\t\t<div class=\"ekit-stylish-list-content-text\">\n\t\t\t\t\t\t\t<span class=\"ekit-stylish-list-content-title\">Transparente Erkl\u00e4rung der Ergebnisse vor Beginn der Arbeiten<\/span>\n\t\t\t\t\t\t\t\t\t\t\t\t\t<\/div>\n\t\t\t\t\t\t\t\t\t\t\t<\/div>\n\t\t\t\t\t\n\t\t\t\t<\/li>\n\t\t\t\t\t\t\t\t\t<\/ul>\n\t<\/div>\t\t\t\t<\/div>\n\t\t\t\t<\/div>\n\t\t\t\t<\/div>\n\t\t\t\t<\/div>\n\t\t\t\t\t<\/div>\n\t\t\t\t<\/div>\n\t\t<div class=\"elementor-element elementor-element-ecc851f e-flex e-con-boxed e-con e-parent\" data-id=\"ecc851f\" data-element_type=\"container\" data-settings=\"{&quot;background_background&quot;:&quot;classic&quot;}\">\n\t\t\t\t\t<div class=\"e-con-inner\">\n\t\t<div class=\"elementor-element elementor-element-8481311 e-con-full e-flex e-con e-child\" data-id=\"8481311\" data-element_type=\"container\" data-settings=\"{&quot;background_background&quot;:&quot;classic&quot;}\">\n\t\t<div class=\"elementor-element elementor-element-9297cd1 e-con-full e-flex e-con e-child\" data-id=\"9297cd1\" data-element_type=\"container\">\n\t\t\t\t<div class=\"elementor-element elementor-element-96e3963 animated-fast elementor-invisible elementor-widget elementor-widget-elementskit-heading\" data-id=\"96e3963\" data-element_type=\"widget\" data-settings=\"{&quot;_animation&quot;:&quot;fadeIn&quot;,&quot;_animation_delay&quot;:100,&quot;ekit_we_effect_on&quot;:&quot;css&quot;}\" data-widget_type=\"elementskit-heading.default\">\n\t\t\t\t<div class=\"elementor-widget-container\">\n\t\t\t\t\t<div class=\"ekit-wid-con\" ><div class=\"ekit-heading elementskit-section-title-wraper text_center   ekit_heading_tablet-   ekit_heading_mobile-text_left\"><h6 class=\"elementskit-section-subtitle   ekit-heading__subtitle-has-border\">\n\t\t\t\t\t\tVereinfachen Sie Ihre Reparaturen\n\t\t\t\t\t<\/h6><h2 class=\"ekit-heading--title elementskit-section-title\">Planen Sie Ihre gro\u00dfen Projekte in <span><span>All Simplicity<\/span><\/span><\/h2>\t\t\t\t<div class='ekit-heading__description'>\n\t\t\t\t\t<p>Sie k\u00f6nnen Ihre Angebote einfach anfordern, indem Sie uns kontaktieren, und unser Team wird Ihnen genaue Sch\u00e4tzungen zur Verf\u00fcgung stellen, die auf Ihre Bed\u00fcrfnisse zugeschnitten sind.<\/p>\n\t\t\t\t<\/div>\n\t\t\t<\/div><\/div>\t\t\t\t<\/div>\n\t\t\t\t<\/div>\n\t\t<div class=\"elementor-element elementor-element-88de35d e-flex e-con-boxed e-con e-child\" data-id=\"88de35d\" data-element_type=\"container\">\n\t\t\t\t\t<div class=\"e-con-inner\">\n\t\t\t\t<div class=\"elementor-element elementor-element-e701738 elementor-align-left animated-fast elementor-invisible elementor-widget elementor-widget-elementskit-button\" data-id=\"e701738\" data-element_type=\"widget\" data-settings=\"{&quot;_animation&quot;:&quot;pulse&quot;,&quot;_animation_delay&quot;:200,&quot;ekit_we_effect_on&quot;:&quot;none&quot;}\" data-widget_type=\"elementskit-button.default\">\n\t\t\t\t<div class=\"elementor-widget-container\">\n\t\t\t\t\t<div class=\"ekit-wid-con\" >\t\t<div class=\"ekit-btn-wraper\">\n\t\t\t\t\t\t\t<a href=\"https:\/\/rohrreinigung-sparmann.de\/en_us\/kontakt\/\" class=\"elementskit-btn  whitespace--normal\" id=\"\">\n\t\t\t\t\tDFordern Sie ein Angebot anemander un devis<i class=\"icon icon-right-arrow\"><\/i>\t\t\t\t<\/a>\n\t\t\t\t\t<\/div>\n        <\/div>\t\t\t\t<\/div>\n\t\t\t\t<\/div>\n\t\t\t\t<div class=\"elementor-element elementor-element-48d681f elementor-align-left animated-fast elementor-invisible elementor-widget elementor-widget-elementskit-button\" data-id=\"48d681f\" data-element_type=\"widget\" data-settings=\"{&quot;_animation&quot;:&quot;pulse&quot;,&quot;_animation_delay&quot;:200,&quot;ekit_we_effect_on&quot;:&quot;none&quot;}\" data-widget_type=\"elementskit-button.default\">\n\t\t\t\t<div class=\"elementor-widget-container\">\n\t\t\t\t\t<div class=\"ekit-wid-con\" >\t\t<div class=\"ekit-btn-wraper\">\n\t\t\t\t\t\t\t<a href=\"tel:491632388009\" class=\"elementskit-btn  whitespace--normal\" id=\"\">\n\t\t\t\t\tKeine Sorge, wir stellen es schnell ein Und rufen uns an<i class=\"fas fa-phone-alt\"><\/i>\t\t\t\t<\/a>\n\t\t\t\t\t<\/div>\n        <\/div>\t\t\t\t<\/div>\n\t\t\t\t<\/div>\n\t\t\t\t\t<\/div>\n\t\t\t\t<\/div>\n\t\t\t\t<\/div>\n\t\t\t\t<\/div>\n\t\t\t\t\t<\/div>\n\t\t\t\t<\/div>\n\t\t\t\t<\/div>","protected":false},"excerpt":{"rendered":"<p>Ursachenanalyse und Lokalisierung Ursachenanalyse und Lokalisierung von Rohrverstopfungen Einleitung:Bevor eine Verstopfung behoben werden kann, muss klar sein, wo genau das Problem liegt. Unsere Ursachenanalyse sorgt daf\u00fcr, dass keine unn\u00f6tigen Arbeiten durchgef\u00fchrt werden \u2013 wir finden die Ursache gezielt und effizient. Leistungsbeschreibung:Unsere Experten beginnen mit einer gr\u00fcndlichen Sichtpr\u00fcfung des betroffenen Bereichs \u2013 ob Waschbecken, Toilette, Bodenablauf [&hellip;]<\/p>","protected":false},"author":6,"featured_media":0,"parent":26333,"menu_order":1,"comment_status":"closed","ping_status":"closed","template":"","meta":{"footnotes":""},"class_list":["post-27942","page","type-page","status-publish","hentry"],"yoast_head":"<!-- This site is optimized with the Yoast SEO plugin v26.2 - https:\/\/yoast.com\/wordpress\/plugins\/seo\/ -->\n<title>Ursachenanalyse und Lokalisierung - Rohrreinigung Sparmann<\/title>\n<meta name=\"robots\" content=\"index, follow, max-snippet:-1, max-image-preview:large, max-video-preview:-1\" \/>\n<link rel=\"canonical\" href=\"https:\/\/lightsteelblue-sparrow-753775.hostingersite.com\/services\/ursachenanalyse-und-lokalisierung\/\" \/>\n<meta property=\"og:locale\" content=\"en_US\" \/>\n<meta property=\"og:type\" content=\"article\" \/>\n<meta property=\"og:title\" content=\"Ursachenanalyse und Lokalisierung - Rohrreinigung Sparmann\" \/>\n<meta property=\"og:description\" content=\"Ursachenanalyse und Lokalisierung Ursachenanalyse und Lokalisierung von Rohrverstopfungen Einleitung:Bevor eine Verstopfung behoben werden kann, muss klar sein, wo genau das Problem liegt. Unsere Ursachenanalyse sorgt daf\u00fcr, dass keine unn\u00f6tigen Arbeiten durchgef\u00fchrt werden \u2013 wir finden die Ursache gezielt und effizient. Leistungsbeschreibung:Unsere Experten beginnen mit einer gr\u00fcndlichen Sichtpr\u00fcfung des betroffenen Bereichs \u2013 ob Waschbecken, Toilette, Bodenablauf [&hellip;]\" \/>\n<meta property=\"og:url\" content=\"https:\/\/lightsteelblue-sparrow-753775.hostingersite.com\/services\/ursachenanalyse-und-lokalisierung\/\" \/>\n<meta property=\"og:site_name\" content=\"Rohrreinigung Sparmann\" \/>\n<meta property=\"article:modified_time\" content=\"2025-10-25T15:48:18+00:00\" \/>\n<meta property=\"og:image\" content=\"https:\/\/cdn.prod.website-files.com\/655f8ea591e566fec977163c\/65e1d2e8f215b0861c88b1d1_Vorsorge%20Rohrbruch.jpg\" \/>\n<meta name=\"twitter:card\" content=\"summary_large_image\" \/>\n<meta name=\"twitter:label1\" content=\"Est. reading time\" \/>\n\t<meta name=\"twitter:data1\" content=\"1 minute\" \/>\n<script type=\"application\/ld+json\" class=\"yoast-schema-graph\">{\"@context\":\"https:\/\/schema.org\",\"@graph\":[{\"@type\":\"WebPage\",\"@id\":\"https:\/\/lightsteelblue-sparrow-753775.hostingersite.com\/services\/ursachenanalyse-und-lokalisierung\/\",\"url\":\"https:\/\/lightsteelblue-sparrow-753775.hostingersite.com\/services\/ursachenanalyse-und-lokalisierung\/\",\"name\":\"Ursachenanalyse und Lokalisierung - Rohrreinigung Sparmann\",\"isPartOf\":{\"@id\":\"https:\/\/rohrreinigung-sparmann.de\/#website\"},\"primaryImageOfPage\":{\"@id\":\"https:\/\/lightsteelblue-sparrow-753775.hostingersite.com\/services\/ursachenanalyse-und-lokalisierung\/#primaryimage\"},\"image\":{\"@id\":\"https:\/\/lightsteelblue-sparrow-753775.hostingersite.com\/services\/ursachenanalyse-und-lokalisierung\/#primaryimage\"},\"thumbnailUrl\":\"https:\/\/cdn.prod.website-files.com\/655f8ea591e566fec977163c\/65e1d2e8f215b0861c88b1d1_Vorsorge%20Rohrbruch.jpg\",\"datePublished\":\"2025-01-21T17:17:42+00:00\",\"dateModified\":\"2025-10-25T15:48:18+00:00\",\"breadcrumb\":{\"@id\":\"https:\/\/lightsteelblue-sparrow-753775.hostingersite.com\/services\/ursachenanalyse-und-lokalisierung\/#breadcrumb\"},\"inLanguage\":\"en-US\",\"potentialAction\":[{\"@type\":\"ReadAction\",\"target\":[\"https:\/\/lightsteelblue-sparrow-753775.hostingersite.com\/services\/ursachenanalyse-und-lokalisierung\/\"]}]},{\"@type\":\"ImageObject\",\"inLanguage\":\"en-US\",\"@id\":\"https:\/\/lightsteelblue-sparrow-753775.hostingersite.com\/services\/ursachenanalyse-und-lokalisierung\/#primaryimage\",\"url\":\"https:\/\/cdn.prod.website-files.com\/655f8ea591e566fec977163c\/65e1d2e8f215b0861c88b1d1_Vorsorge%20Rohrbruch.jpg\",\"contentUrl\":\"https:\/\/cdn.prod.website-files.com\/655f8ea591e566fec977163c\/65e1d2e8f215b0861c88b1d1_Vorsorge%20Rohrbruch.jpg\"},{\"@type\":\"BreadcrumbList\",\"@id\":\"https:\/\/lightsteelblue-sparrow-753775.hostingersite.com\/services\/ursachenanalyse-und-lokalisierung\/#breadcrumb\",\"itemListElement\":[{\"@type\":\"ListItem\",\"position\":1,\"name\":\"Home\",\"item\":\"https:\/\/lightsteelblue-sparrow-753775.hostingersite.com\/\"},{\"@type\":\"ListItem\",\"position\":2,\"name\":\"Services\",\"item\":\"https:\/\/lightsteelblue-sparrow-753775.hostingersite.com\/services\/\"},{\"@type\":\"ListItem\",\"position\":3,\"name\":\"Ursachenanalyse und Lokalisierung\"}]},{\"@type\":\"WebSite\",\"@id\":\"https:\/\/rohrreinigung-sparmann.de\/#website\",\"url\":\"https:\/\/rohrreinigung-sparmann.de\/\",\"name\":\"Rohrreinigung Sparmann\",\"description\":\"Echte Fachleute, auf die Sie sich verlassen k\u00f6nnen.  Unser Team aus erfahrenen Installateuren wird regelm\u00e4\u00dfig in den neuesten Techniken geschult. Wir verbinden traditionelles Handwerk mit moderner Ausr\u00fcstung, um jedes Problem schnell, sicher und nachhaltig zu l\u00f6sen.\",\"publisher\":{\"@id\":\"https:\/\/rohrreinigung-sparmann.de\/#organization\"},\"potentialAction\":[{\"@type\":\"SearchAction\",\"target\":{\"@type\":\"EntryPoint\",\"urlTemplate\":\"https:\/\/rohrreinigung-sparmann.de\/?s={search_term_string}\"},\"query-input\":{\"@type\":\"PropertyValueSpecification\",\"valueRequired\":true,\"valueName\":\"search_term_string\"}}],\"inLanguage\":\"en-US\"},{\"@type\":\"Organization\",\"@id\":\"https:\/\/rohrreinigung-sparmann.de\/#organization\",\"name\":\"Rohrreinigung Sparmann\",\"url\":\"https:\/\/rohrreinigung-sparmann.de\/\",\"logo\":{\"@type\":\"ImageObject\",\"inLanguage\":\"en-US\",\"@id\":\"https:\/\/rohrreinigung-sparmann.de\/#\/schema\/logo\/image\/\",\"url\":\"https:\/\/rohrreinigung-sparmann.de\/wp-content\/uploads\/2024\/06\/Rohrreinigung-S-LOGO-1-01-1.jpg\",\"contentUrl\":\"https:\/\/rohrreinigung-sparmann.de\/wp-content\/uploads\/2024\/06\/Rohrreinigung-S-LOGO-1-01-1.jpg\",\"width\":2135,\"height\":776,\"caption\":\"Rohrreinigung Sparmann\"},\"image\":{\"@id\":\"https:\/\/rohrreinigung-sparmann.de\/#\/schema\/logo\/image\/\"}}]}<\/script>\n<!-- \/ Yoast SEO plugin. -->","yoast_head_json":{"title":"Ursachenanalyse und Lokalisierung - Rohrreinigung Sparmann","robots":{"index":"index","follow":"follow","max-snippet":"max-snippet:-1","max-image-preview":"max-image-preview:large","max-video-preview":"max-video-preview:-1"},"canonical":"https:\/\/lightsteelblue-sparrow-753775.hostingersite.com\/services\/ursachenanalyse-und-lokalisierung\/","og_locale":"en_US","og_type":"article","og_title":"Ursachenanalyse und Lokalisierung - Rohrreinigung Sparmann","og_description":"Ursachenanalyse und Lokalisierung Ursachenanalyse und Lokalisierung von Rohrverstopfungen Einleitung:Bevor eine Verstopfung behoben werden kann, muss klar sein, wo genau das Problem liegt. Unsere Ursachenanalyse sorgt daf\u00fcr, dass keine unn\u00f6tigen Arbeiten durchgef\u00fchrt werden \u2013 wir finden die Ursache gezielt und effizient. Leistungsbeschreibung:Unsere Experten beginnen mit einer gr\u00fcndlichen Sichtpr\u00fcfung des betroffenen Bereichs \u2013 ob Waschbecken, Toilette, Bodenablauf [&hellip;]","og_url":"https:\/\/lightsteelblue-sparrow-753775.hostingersite.com\/services\/ursachenanalyse-und-lokalisierung\/","og_site_name":"Rohrreinigung Sparmann","article_modified_time":"2025-10-25T15:48:18+00:00","og_image":[{"url":"https:\/\/cdn.prod.website-files.com\/655f8ea591e566fec977163c\/65e1d2e8f215b0861c88b1d1_Vorsorge%20Rohrbruch.jpg","type":"","width":"","height":""}],"twitter_card":"summary_large_image","twitter_misc":{"Est. reading time":"1 minute"},"schema":{"@context":"https:\/\/schema.org","@graph":[{"@type":"WebPage","@id":"https:\/\/lightsteelblue-sparrow-753775.hostingersite.com\/services\/ursachenanalyse-und-lokalisierung\/","url":"https:\/\/lightsteelblue-sparrow-753775.hostingersite.com\/services\/ursachenanalyse-und-lokalisierung\/","name":"Ursachenanalyse und Lokalisierung - Rohrreinigung Sparmann","isPartOf":{"@id":"https:\/\/rohrreinigung-sparmann.de\/#website"},"primaryImageOfPage":{"@id":"https:\/\/lightsteelblue-sparrow-753775.hostingersite.com\/services\/ursachenanalyse-und-lokalisierung\/#primaryimage"},"image":{"@id":"https:\/\/lightsteelblue-sparrow-753775.hostingersite.com\/services\/ursachenanalyse-und-lokalisierung\/#primaryimage"},"thumbnailUrl":"https:\/\/cdn.prod.website-files.com\/655f8ea591e566fec977163c\/65e1d2e8f215b0861c88b1d1_Vorsorge%20Rohrbruch.jpg","datePublished":"2025-01-21T17:17:42+00:00","dateModified":"2025-10-25T15:48:18+00:00","breadcrumb":{"@id":"https:\/\/lightsteelblue-sparrow-753775.hostingersite.com\/services\/ursachenanalyse-und-lokalisierung\/#breadcrumb"},"inLanguage":"en-US","potentialAction":[{"@type":"ReadAction","target":["https:\/\/lightsteelblue-sparrow-753775.hostingersite.com\/services\/ursachenanalyse-und-lokalisierung\/"]}]},{"@type":"ImageObject","inLanguage":"en-US","@id":"https:\/\/lightsteelblue-sparrow-753775.hostingersite.com\/services\/ursachenanalyse-und-lokalisierung\/#primaryimage","url":"https:\/\/cdn.prod.website-files.com\/655f8ea591e566fec977163c\/65e1d2e8f215b0861c88b1d1_Vorsorge%20Rohrbruch.jpg","contentUrl":"https:\/\/cdn.prod.website-files.com\/655f8ea591e566fec977163c\/65e1d2e8f215b0861c88b1d1_Vorsorge%20Rohrbruch.jpg"},{"@type":"BreadcrumbList","@id":"https:\/\/lightsteelblue-sparrow-753775.hostingersite.com\/services\/ursachenanalyse-und-lokalisierung\/#breadcrumb","itemListElement":[{"@type":"ListItem","position":1,"name":"Home","item":"https:\/\/lightsteelblue-sparrow-753775.hostingersite.com\/"},{"@type":"ListItem","position":2,"name":"Services","item":"https:\/\/lightsteelblue-sparrow-753775.hostingersite.com\/services\/"},{"@type":"ListItem","position":3,"name":"Ursachenanalyse und Lokalisierung"}]},{"@type":"WebSite","@id":"https:\/\/rohrreinigung-sparmann.de\/#website","url":"https:\/\/rohrreinigung-sparmann.de\/","name":"Rohrreinigung Sparmann","description":"Echte Fachleute, auf die Sie sich verlassen k\u00f6nnen.  Unser Team aus erfahrenen Installateuren wird regelm\u00e4\u00dfig in den neuesten Techniken geschult. Wir verbinden traditionelles Handwerk mit moderner Ausr\u00fcstung, um jedes Problem schnell, sicher und nachhaltig zu l\u00f6sen.","publisher":{"@id":"https:\/\/rohrreinigung-sparmann.de\/#organization"},"potentialAction":[{"@type":"SearchAction","target":{"@type":"EntryPoint","urlTemplate":"https:\/\/rohrreinigung-sparmann.de\/?s={search_term_string}"},"query-input":{"@type":"PropertyValueSpecification","valueRequired":true,"valueName":"search_term_string"}}],"inLanguage":"en-US"},{"@type":"Organization","@id":"https:\/\/rohrreinigung-sparmann.de\/#organization","name":"Rohrreinigung Sparmann","url":"https:\/\/rohrreinigung-sparmann.de\/","logo":{"@type":"ImageObject","inLanguage":"en-US","@id":"https:\/\/rohrreinigung-sparmann.de\/#\/schema\/logo\/image\/","url":"https:\/\/rohrreinigung-sparmann.de\/wp-content\/uploads\/2024\/06\/Rohrreinigung-S-LOGO-1-01-1.jpg","contentUrl":"https:\/\/rohrreinigung-sparmann.de\/wp-content\/uploads\/2024\/06\/Rohrreinigung-S-LOGO-1-01-1.jpg","width":2135,"height":776,"caption":"Rohrreinigung Sparmann"},"image":{"@id":"https:\/\/rohrreinigung-sparmann.de\/#\/schema\/logo\/image\/"}}]}},"_hostinger_reach_plugin_has_subscription_block":false,"_hostinger_reach_plugin_is_elementor":false,"_links":{"self":[{"href":"https:\/\/rohrreinigung-sparmann.de\/en_us\/wp-json\/wp\/v2\/pages\/27942","targetHints":{"allow":["GET"]}}],"collection":[{"href":"https:\/\/rohrreinigung-sparmann.de\/en_us\/wp-json\/wp\/v2\/pages"}],"about":[{"href":"https:\/\/rohrreinigung-sparmann.de\/en_us\/wp-json\/wp\/v2\/types\/page"}],"author":[{"embeddable":true,"href":"https:\/\/rohrreinigung-sparmann.de\/en_us\/wp-json\/wp\/v2\/users\/6"}],"replies":[{"embeddable":true,"href":"https:\/\/rohrreinigung-sparmann.de\/en_us\/wp-json\/wp\/v2\/comments?post=27942"}],"version-history":[{"count":38,"href":"https:\/\/rohrreinigung-sparmann.de\/en_us\/wp-json\/wp\/v2\/pages\/27942\/revisions"}],"predecessor-version":[{"id":28326,"href":"https:\/\/rohrreinigung-sparmann.de\/en_us\/wp-json\/wp\/v2\/pages\/27942\/revisions\/28326"}],"up":[{"embeddable":true,"href":"https:\/\/rohrreinigung-sparmann.de\/en_us\/wp-json\/wp\/v2\/pages\/26333"}],"wp:attachment":[{"href":"https:\/\/rohrreinigung-sparmann.de\/en_us\/wp-json\/wp\/v2\/media?parent=27942"}],"curies":[{"name":"wp","href":"https:\/\/api.w.org\/{rel}","templated":true}]}}